{"id":965,"date":"2025-06-04T10:03:57","date_gmt":"2025-06-04T15:03:57","guid":{"rendered":"https:\/\/proyeccionsocial.unillanos.edu.co\/?page_id=965"},"modified":"2025-06-09T10:57:50","modified_gmt":"2025-06-09T15:57:50","slug":"convocatoria-revista","status":"publish","type":"page","link":"https:\/\/proyeccionsocial.unillanos.edu.co\/?page_id=965","title":{"rendered":"Convocatoria Revista"},"content":{"rendered":"\n<p><\/p>\n\n\n\n<h4 class=\"wp-block-heading\"><\/h4>\n\n\n\n<hr class=\"wp-block-separator has-alpha-channel-opacity\"\/>\n\n\n\n<div class=\"wp-block-stackable-columns stk-block-columns stk-block stk-032b99b\" data-block-id=\"032b99b\"><div class=\"stk-row stk-inner-blocks stk-block-content stk-content-align stk-032b99b-column\">\n<div class=\"wp-block-stackable-column stk-block-column stk-column stk-block stk-da17a1f\" data-v=\"4\" data-block-id=\"da17a1f\"><style>@media screen and (min-width:690px){.stk-da17a1f {flex:var(--stk-flex-grow, 1) 1 calc(33.333% - var(--stk-column-gap, 0px) * 1 \/ 2 ) !important;}}<\/style><div class=\"stk-column-wrapper stk-block-column__content stk-container stk-da17a1f-container stk--no-background stk--no-padding\"><div class=\"has-text-align-left stk-block-content stk-inner-blocks stk-da17a1f-inner-blocks\">\n<p><\/p>\n\n\n\n<p><\/p>\n\n\n\n<figure class=\"wp-block-image size-large\"><img fetchpriority=\"high\" decoding=\"async\" width=\"569\" height=\"1024\" src=\"https:\/\/proyeccionsocial.unillanos.edu.co\/wp-content\/uploads\/2025\/06\/conv_Corocora-569x1024.png\" alt=\"\" class=\"wp-image-1005\" srcset=\"https:\/\/proyeccionsocial.unillanos.edu.co\/wp-content\/uploads\/2025\/06\/conv_Corocora-569x1024.png 569w, https:\/\/proyeccionsocial.unillanos.edu.co\/wp-content\/uploads\/2025\/06\/conv_Corocora-167x300.png 167w, https:\/\/proyeccionsocial.unillanos.edu.co\/wp-content\/uploads\/2025\/06\/conv_Corocora.png 600w\" sizes=\"(max-width: 569px) 100vw, 569px\" \/><\/figure>\n<\/div><\/div><\/div>\n\n\n\n<div class=\"wp-block-stackable-column stk-block-column stk-column stk-block stk-a819c32\" data-v=\"4\" data-block-id=\"a819c32\"><style>@media screen and (min-width:690px){.stk-a819c32 {flex:var(--stk-flex-grow, 1) 1 calc(66.666% - var(--stk-column-gap, 0px) * 1 \/ 2 ) !important;}}<\/style><div class=\"stk-column-wrapper stk-block-column__content stk-container stk-a819c32-container stk--no-background stk--no-padding\"><div class=\"has-text-align-left stk-block-content stk-inner-blocks stk-a819c32-inner-blocks\">\n<p>I<strong>NSTRUCCIONES PARA AUTORES REVISTA COROCORA<\/strong><\/p>\n\n\n\n<p class=\"has-text-align-left\">Los art\u00edculos, ensayos y otros textos sometidos a consideraci\u00f3n por los egresados y colaboradores de la revista para su publicaci\u00f3n deben ser in\u00e9ditos y de la autor\u00eda del remitente, quien lo expresar\u00e1 en carta al Comit\u00e9 Editorial, el cual no asume responsabilidad por plagio alguno, en forma parcial o total de la publicaci\u00f3n. Es imprescindible el soporte digital del trabajo, sin el cual, el Comit\u00e9 Editorial no considerar\u00e1 la publicaci\u00f3n del escrito.<\/p>\n\n\n\n<p class=\"has-text-align-left\">El Comit\u00e9 Editorial, una vez analizados los textos har\u00e1 las correcciones y ajustes de los trabajos propuestos por el personal a cargo de la revista: Director de la Publicaci\u00f3n, el Profesional Asesor del Programa de Egresados y Editor. La recepci\u00f3n de art\u00edculos, ensayos, ponencias y otros por parte de la Revista para los Egresados de la Universidad de los Llanos no constituye decisi\u00f3n de su publicaci\u00f3n. Los autores, recibir\u00e1n por escrito la comunicaci\u00f3n (en los tiempos que establezca el Comit\u00e9 Editorial, el cual no ser\u00e1 superior a los tres meses) que informe sobre la decisi\u00f3n adoptada, en uno u otro sentido que tome el Comit\u00e9 Editorial.<\/p>\n\n\n\n<h4 class=\"wp-block-heading\">ESPECIFICACIONES<\/h4>\n\n\n\n<p>Aun cuando la revista tenga delimitada como vertiente principal la tem\u00e1tica relacionada con los egresados, contendr\u00e1 informaci\u00f3n institucional complementaria relacionada con la pol\u00edtica y estrategias de proyecci\u00f3n social de la Universidad. Cada edici\u00f3n establecer\u00e1 un tema a desarrollarse definido por el Comit\u00e9 Editorial y difundido con anterioridad entre los egresados que, dependiendo el caso, no excluir\u00e1 otros trabajos de tem\u00e1tica diferente. Pero en lo posible establecer\u00e1 una de coherencia tem\u00e1tica por n\u00famero.<\/p>\n\n\n\n<p>Los documentos originales ser\u00e1n revisados inicialmente por el Comit\u00e9 Editorial y si, en principio, el tema y el formato son compatibles con la revista ser\u00e1n sometidos al examen de las personas a cargo de la revista: director, profesional asesor de egresados y editor.<\/p>\n\n\n\n<p>El formato y el estilo de los trabajos, quedan al buen juicio de los autores acordes con la secci\u00f3n para la cual vengan dirigidos. En caso de traducciones y reproducciones, se requiere la autorizaci\u00f3n respectiva (por ejemplo, copia de la carta o mensaje electr\u00f3nico correspondiente) de los autores. Se solicita tambi\u00e9n la filiaci\u00f3n institucional de los autores y un breve curr\u00edculo vitae no mayor de 4 renglones.<\/p>\n\n\n\n<p>Los trabajos deber\u00e1n ser enviados en Word, en medio magn\u00e9tico o como anexo electr\u00f3nico, letra Times New Roman, 12 puntos, a espacio 1,5, extensi\u00f3n acorde con la secci\u00f3n.<\/p>\n\n\n\n<p>En la medida de lo posible, anexo a los textos, se puede agregar soporte gr\u00e1fico; en caso contrario, el equipo de edici\u00f3n asumir\u00e1 bajo su criterio el complemento visual del texto.<\/p>\n\n\n\n<p>Los art\u00edculos deben tener como m\u00ednimo los siguientes elementos: T\u00edtulo, Descripci\u00f3n de elementos visuales, fotos en el caso de soporte visual. En lo posible, referencias bibliogr\u00e1ficas, fuentes o citas en pie de p\u00e1gina y bibliograf\u00eda.<\/p>\n\n\n\n<p>Se deben tener en cuenta las normas APA 7 edici\u00f3n para trabajos escritos<\/p>\n\n\n\n<h6 class=\"wp-block-heading\"><strong>Comit\u00e9 Editorial Revista para Egresados \u201cCOROCORA\u201d<\/strong><\/h6>\n\n\n\n<p><strong>TEMAS EDICION 26 REVISTA COROCORA<\/strong><\/p>\n\n\n\n<p>A continuaci\u00f3n, se presentan los temas a seleccionar para la edici\u00f3n digital de la revista Corocora edici\u00f3n 26, la cual se publicar\u00e1 en la vigencia 2025, de los cuales podr\u00e1 escoger el tema de su preferencia.<\/p>\n\n\n\n<ol class=\"wp-block-list\">\n<li><strong>ADN&nbsp;Unillanista: la innovaci\u00f3n que nace en la sabana<\/strong><\/li>\n<\/ol>\n\n\n\n<p>Objetivo:&nbsp;visibilizar iniciativas de innovaci\u00f3n desarrolladas por egresados de la Universidad de los Llanos que tengan impacto regional o nacional.<\/p>\n\n\n\n<ul class=\"wp-block-list\">\n<li><strong>Desde el llano para el mundo:<\/strong><strong>&nbsp;egresados sin fronteras&nbsp;<\/strong><\/li>\n<\/ul>\n\n\n\n<p>Objetivo:&nbsp;rescatar historias de egresados que est\u00e1n dejando huella en el exterior, lo que aporta al fortaleciendo del prestigio de la universidad m\u00e1s all\u00e1 del pa\u00eds.<\/p>\n\n\n\n<ul class=\"wp-block-list\">\n<li><strong>Saberes de la Orinoquia: ciencia, cultura y naturaleza<ins>,<\/ins> la&nbsp;clave&nbsp;Unillanista<\/strong><\/li>\n<\/ul>\n\n\n\n<p>Objetivo:&nbsp;destacar investigaciones y aportes cient\u00edficos, culturales y ambientales hechos por egresados y docentes de la Unillanos que aportan al conocimiento del ecosistema llanero.<\/p>\n\n\n\n<p>La entrega de los art\u00edculos se debe hacer a trav\u00e9s del siguiente formulario<ins><a href=\"https:\/\/forms.gle\/iLsxHrQSBU5oC3RP6\" target=\"_blank\" rel=\"noreferrer noopener\"> https:\/\/forms.gle\/iLsxHrQSBU5oC3RP6<\/a><\/ins>, al cual se deben adjuntar los siguientes formatos:<\/p>\n\n\n\n<p><strong>FO-PSO-62 <\/strong>Certificaci\u00f3n juramentada de titularidad de obra literaria y otros &#8211; propiedad intelectual.<\/p>\n\n\n\n<p><strong>FO-PSO-63 <\/strong>Formato de autorizaci\u00f3n de uso de derechos de imagen sobre fotograf\u00edas, cartillas, folletos, ilustraciones, infograf\u00edas, fijaciones audiovisuales (videos) y derechos \u2013 conexos<\/p>\n\n\n\n<div class=\"wp-block-file\"><a id=\"wp-block-file--media-81dcf138-5279-4ab8-9fad-89fc43d5850f\" href=\"https:\/\/proyeccionsocial.unillanos.edu.co\/wp-content\/uploads\/2025\/06\/FO-PSO-62-CERTIFICACION-JURAMENTADA-DE-TITULARIDAD-DE-OBRA-LITERARIA-Y-OTROS-PROPIEDAD-INTELECTUAL_v01.docx\" target=\"_blank\" rel=\"noreferrer noopener\">FO-PSO-62 CERTIFICACION JURAMENTADA DE TITULARIDAD DE OBRA LITERARIA Y OTROS &#8211; PROPIEDAD INTELECTUAL_v01<\/a><a href=\"https:\/\/proyeccionsocial.unillanos.edu.co\/wp-content\/uploads\/2025\/06\/FO-PSO-62-CERTIFICACION-JURAMENTADA-DE-TITULARIDAD-DE-OBRA-LITERARIA-Y-OTROS-PROPIEDAD-INTELECTUAL_v01.docx\" class=\"wp-block-file__button wp-element-button\" download aria-describedby=\"wp-block-file--media-81dcf138-5279-4ab8-9fad-89fc43d5850f\">Descargar<\/a><\/div>\n\n\n\n<div class=\"wp-block-file\"><a id=\"wp-block-file--media-8eb8de9f-50ba-4175-9004-592f00ccba60\" href=\"https:\/\/proyeccionsocial.unillanos.edu.co\/wp-content\/uploads\/2025\/06\/FO-PSO-63-FORMATO-DE-AUTORIZACION-DE-USO-DE-DERECHOS-DE-IMAGEN_v01.docx\">FO-PSO-63 FORMATO DE AUTORIZACION DE USO DE DERECHOS DE IMAGEN_v01<\/a><a href=\"https:\/\/proyeccionsocial.unillanos.edu.co\/wp-content\/uploads\/2025\/06\/FO-PSO-63-FORMATO-DE-AUTORIZACION-DE-USO-DE-DERECHOS-DE-IMAGEN_v01.docx\" class=\"wp-block-file__button wp-element-button\" download aria-describedby=\"wp-block-file--media-8eb8de9f-50ba-4175-9004-592f00ccba60\">Descargar<\/a><\/div>\n<\/div><\/div><\/div>\n<\/div><\/div>\n\n\n\n<p><\/p>\n","protected":false},"excerpt":{"rendered":"<p>INSTRUCCIONES PARA AUTORES REVISTA COROCORA Los art\u00edculos, ensayos y otros textos sometidos a consideraci\u00f3n por los egresados y colaboradores de la revista para su publicaci\u00f3n deben ser in\u00e9ditos y de la autor\u00eda del remitente, quien lo expresar\u00e1 en carta al Comit\u00e9 Editorial, el cual no asume responsabilidad por plagio alguno, en forma parcial o total de la publicaci\u00f3n. Es imprescindible el soporte digital del trabajo, sin el cual, el Comit\u00e9 Editorial no considerar\u00e1 la publicaci\u00f3n del escrito. El Comit\u00e9 Editorial, una vez analizados los textos har\u00e1 las correcciones y ajustes de los trabajos propuestos por el personal a cargo de la revista: Director de la Publicaci\u00f3n, el Profesional Asesor del Programa de Egresados y Editor. La recepci\u00f3n de art\u00edculos, ensayos, ponencias y otros por parte de la Revista para los Egresados de la Universidad de los Llanos no constituye decisi\u00f3n de su publicaci\u00f3n. Los autores, recibir\u00e1n por escrito la comunicaci\u00f3n (en los tiempos que establezca el Comit\u00e9 Editorial, el cual no ser\u00e1 superior a los tres meses) que informe sobre la decisi\u00f3n adoptada, en uno u otro sentido que tome el Comit\u00e9 Editorial. ESPECIFICACIONES Aun cuando la revista tenga delimitada como vertiente principal la tem\u00e1tica relacionada con los egresados, contendr\u00e1 informaci\u00f3n institucional complementaria relacionada con la pol\u00edtica y estrategias de proyecci\u00f3n social de la Universidad. Cada edici\u00f3n establecer\u00e1 un tema a desarrollarse definido por el Comit\u00e9 Editorial y difundido con anterioridad entre los egresados que, dependiendo el caso, no excluir\u00e1 otros trabajos de tem\u00e1tica diferente. Pero en lo posible establecer\u00e1 una de coherencia tem\u00e1tica por n\u00famero. Los documentos originales ser\u00e1n revisados inicialmente por el Comit\u00e9 Editorial y si, en principio, el tema y el formato son compatibles con la revista ser\u00e1n sometidos al examen de las personas a cargo de la revista: director, profesional asesor de egresados y editor. El formato y el estilo de los trabajos, quedan al buen juicio de los autores acordes con la secci\u00f3n para la cual vengan dirigidos. En caso de traducciones y reproducciones, se requiere la autorizaci\u00f3n respectiva (por ejemplo, copia de la carta o mensaje electr\u00f3nico correspondiente) de los autores. Se solicita tambi\u00e9n la filiaci\u00f3n institucional de los autores y un breve curr\u00edculo vitae no mayor de 4 renglones. Los trabajos deber\u00e1n ser enviados en Word, en medio magn\u00e9tico o como anexo electr\u00f3nico, letra Times New Roman, 12 puntos, a espacio 1,5, extensi\u00f3n acorde con la secci\u00f3n. En la medida de lo posible, anexo a los textos, se puede agregar soporte gr\u00e1fico; en caso contrario, el equipo de edici\u00f3n asumir\u00e1 bajo su criterio el complemento visual del texto. Los art\u00edculos deben tener como m\u00ednimo los siguientes elementos: T\u00edtulo, Descripci\u00f3n de elementos visuales, fotos en el caso de soporte visual. En lo posible, referencias bibliogr\u00e1ficas, fuentes o citas en pie de p\u00e1gina y bibliograf\u00eda. Se deben tener en cuenta las normas APA 7 edici\u00f3n para trabajos escritos Comit\u00e9 Editorial Revista para Egresados \u201cCOROCORA\u201d TEMAS EDICION 26 REVISTA COROCORA A continuaci\u00f3n, se presentan los temas a seleccionar para la edici\u00f3n digital de la revista Corocora edici\u00f3n 26, la cual se publicar\u00e1 en la vigencia 2025, de los cuales podr\u00e1 escoger el tema de su preferencia. Objetivo:&nbsp;visibilizar iniciativas de innovaci\u00f3n desarrolladas por egresados de la Universidad de los Llanos que tengan impacto regional o nacional. Objetivo:&nbsp;rescatar historias de egresados que est\u00e1n dejando huella en el exterior, lo que aporta al fortaleciendo del prestigio de la universidad m\u00e1s all\u00e1 del pa\u00eds. Objetivo:&nbsp;destacar investigaciones y aportes cient\u00edficos, culturales y ambientales hechos por egresados y docentes de la Unillanos que aportan al conocimiento del ecosistema llanero. La entrega de los art\u00edculos se debe hacer a trav\u00e9s del siguiente formulario https:\/\/forms.gle\/iLsxHrQSBU5oC3RP6, al cual se deben adjuntar los siguientes formatos: FO-PSO-62 Certificaci\u00f3n juramentada de titularidad de obra literaria y otros &#8211; propiedad intelectual. FO-PSO-63 Formato de autorizaci\u00f3n de uso de derechos de imagen sobre fotograf\u00edas, cartillas, folletos, ilustraciones, infograf\u00edas, fijaciones audiovisuales (videos) y derechos \u2013 conexos<\/p>\n","protected":false},"author":1,"featured_media":0,"parent":0,"menu_order":0,"comment_status":"closed","ping_status":"closed","template":"","meta":{"_monsterinsights_skip_tracking":false,"_monsterinsights_sitenote_active":false,"_monsterinsights_sitenote_note":"","_monsterinsights_sitenote_category":0,"footnotes":""},"class_list":["post-965","page","type-page","status-publish","hentry"],"blocksy_meta":{"has_hero_section":"disabled","styles_descriptor":{"styles":{"desktop":"","tablet":"","mobile":""},"google_fonts":[],"version":6}},"aioseo_notices":[],"_links":{"self":[{"href":"https:\/\/proyeccionsocial.unillanos.edu.co\/index.php?rest_route=\/wp\/v2\/pages\/965","targetHints":{"allow":["GET"]}}],"collection":[{"href":"https:\/\/proyeccionsocial.unillanos.edu.co\/index.php?rest_route=\/wp\/v2\/pages"}],"about":[{"href":"https:\/\/proyeccionsocial.unillanos.edu.co\/index.php?rest_route=\/wp\/v2\/types\/page"}],"author":[{"embeddable":true,"href":"https:\/\/proyeccionsocial.unillanos.edu.co\/index.php?rest_route=\/wp\/v2\/users\/1"}],"replies":[{"embeddable":true,"href":"https:\/\/proyeccionsocial.unillanos.edu.co\/index.php?rest_route=%2Fwp%2Fv2%2Fcomments&post=965"}],"version-history":[{"count":11,"href":"https:\/\/proyeccionsocial.unillanos.edu.co\/index.php?rest_route=\/wp\/v2\/pages\/965\/revisions"}],"predecessor-version":[{"id":1019,"href":"https:\/\/proyeccionsocial.unillanos.edu.co\/index.php?rest_route=\/wp\/v2\/pages\/965\/revisions\/1019"}],"wp:attachment":[{"href":"https:\/\/proyeccionsocial.unillanos.edu.co\/index.php?rest_route=%2Fwp%2Fv2%2Fmedia&parent=965"}],"curies":[{"name":"wp","href":"https:\/\/api.w.org\/{rel}","templated":true}]}}