{"id":3,"date":"2025-02-07T10:23:20","date_gmt":"2025-02-07T15:23:20","guid":{"rendered":"http:\/\/localhost\/proyeccion2025\/?page_id=3"},"modified":"2025-03-13T12:23:06","modified_gmt":"2025-03-13T17:23:06","slug":"politica-privacidad","status":"publish","type":"page","link":"https:\/\/proyeccionsocial.unillanos.edu.co\/?page_id=3","title":{"rendered":"Pol\u00edtica de privacidad"},"content":{"rendered":"\n<figure class=\"wp-block-image size-full\"><img fetchpriority=\"high\" decoding=\"async\" width=\"1920\" height=\"150\" src=\"https:\/\/proyeccionsocial.unillanos.edu.co\/wp-content\/uploads\/2025\/03\/Banner-varios_4.png\" alt=\"\" class=\"wp-image-666\"\/><\/figure>\n\n\n\n<h2 class=\"wp-block-heading\">T\u00e9rminos y Condiciones de Uso<\/h2>\n\n\n\n<p>Por medio del sitio web&nbsp;<a href=\"https:\/\/www.unillanos.edu.co\/\">www.unillanos.edu.co<\/a>&nbsp;se provee de manera libre y gratuita al p\u00fablico en general, informaci\u00f3n acerca de la naturaleza de la Universidad de los Llanos, as\u00ed como de los servicios que ofrece. La utilizaci\u00f3n del sitio web por parte de cualquier persona, le atribuye la calidad de Usuario, lo que implica su adhesi\u00f3n plena e incondicional a los t\u00e9rminos y condiciones de uso aqu\u00ed establecidos. Es responsabilidad de los usuarios que visitan este sitio web, en adelante \u201cPORTAL DE LA UNIVERSIDAD DE LOS LLANOS\u201d que lean y acepten las condiciones y pol\u00edticas de privacidad aqu\u00ed establecidas antes de consultar y suministrar cualquier tipo de informaci\u00f3n; en caso de no estar de acuerdo, le sugerimos que se abstenga de acceder o navegar por el sitio web.<\/p>\n\n\n\n<p>Para todos los efectos legales y por el simple hecho de acceder a el PORTAL DE LA UNIVERSIDAD DE LOS LLANOS, y hacer uso de sus contenidos y\/o servicios, el usuario reconoce que ha le\u00eddo y aceptado de manera plena y sin reserva, todos y cada uno de los presentes T\u00e9rminos y Condiciones.<\/p>\n\n\n\n<ul class=\"wp-block-list\">\n<li><strong>Derechos y Responsabilidades de los Usuarios:<\/strong><\/li>\n<\/ul>\n\n\n\n<p>El PORTAL DE LA UNIVERSIDAD DE LOS LLANOS no ceder\u00e1 ni revelar\u00e1 a terceros la informaci\u00f3n confidencial de los usuarios, excepto que tenga expresa autorizaci\u00f3n de quienes se suscribieron, o cuando ha sido requerido por orden judicial o legal.<br>El usuario deber\u00e1 aceptar que los datos por \u00e9l consignados en el PORTAL DE LA UNIVERSIDAD DE LOS LLANOS har\u00e1n parte de un archivo y\/o base de datos que podr\u00e1 ser usado por la Universidad para efectos de surtir un determinado proceso o servicio.<br>El usuario podr\u00e1 modificar o actualizar la informaci\u00f3n suministrada en el PORTAL DE LA UNIVERSIDAD DE LOS LLANOS en cualquier momento siguiendo los lineamientos establecidos por la Universidad para tal fin.<br>El usuario asume el compromiso de suministrar informaci\u00f3n real, completa, actual, y precisa, acerca de sus datos, seg\u00fan se solicite en el sitio web. Adem\u00e1s, acepta colaborar con La Universidad, para mantener dicha informaci\u00f3n actualizada y completa, en caso de ser necesario.<br>El usuario es responsable del uso y confidencialidad del usuario y contrase\u00f1a que le sean asignados para hacer uso de los servicios en l\u00ednea ofrecidos en el PORTAL DE LA UNIVERSIDAD DE LOS LLANOS, si alg\u00fan tercero realiza acciones indebidas dentro del portal web, las acciones legales recaer\u00e1n directamente sobre el usuario con el que se hizo el ingreso a la plataforma.<br>El usuario es totalmente responsable de tomar las medidas de seguridad y precauci\u00f3n, en el preciso momento en el que se encuentra proporcionando cualquier clase de informaci\u00f3n en el PORTAL DE LA UNIVERSIDAD DE LOS LLANOS.<br>El usuario del sitio web se har\u00e1 responsable por cualquier uso indebido, il\u00edcito o anormal que haga de los contenidos, informaci\u00f3n o servicios del sitio web de la Universidad de los Llanos.<br>El usuario responder\u00e1 por los da\u00f1os y perjuicios que la Universidad de los Llanos pueda sufrir, directa o indirectamente y como consecuencia del incumplimiento de cualquiera de las obligaciones derivadas de este documento en relaci\u00f3n con la utilizaci\u00f3n del PORTAL DE LA UNIVERSIDAD DE LOS LLANOS.<\/p>\n\n\n\n<ul class=\"wp-block-list\">\n<li><strong>Exenci\u00f3n de Responsabilidad por Parte de la Universidad de los Llanos<\/strong><\/li>\n<\/ul>\n\n\n\n<p>La Universidad de los Llanos se exime de cualquier responsabilidad por los da\u00f1os y perjuicios de toda naturaleza que puedan ocasionarse con las fallas en el acceso a toda o alguna de las p\u00e1ginas propias del PORTAL DE LA UNIVERSIDAD DE LOS LLANOS; y a la falta de disponibilidad de la informaci\u00f3n, o cualquier consecuencia derivada del ingreso indebido de terceros a la base de datos.<br>La Universidad de los Llanos se reserva el derecho de publicar, archivar, eliminar o bloquear informaci\u00f3n o contenidos p\u00fablicos dentro de su portal. Sin embargo, no podr\u00e1 bloquear informaci\u00f3n personal sin previo aviso a los usuarios respectivos.<br>La Universidad de los Llanos no garantiza ni se responsabiliza del funcionamiento o accesibilidad de las p\u00e1ginas web enlazadas en el PORTAL DE LA UNIVERSIDAD DE LOS LLANOS; ni sugiere la visita a las mismas, por lo que tampoco ser\u00e1 responsable del resultado obtenido.<\/p>\n\n\n\n<ul class=\"wp-block-list\">\n<li><strong>Modificaci\u00f3n de las Condiciones de Uso<\/strong><\/li>\n<\/ul>\n\n\n\n<p>La Universidad de los Llanos se reserva el derecho de actualizar y modificar en cualquier momento, de manera unilateral y sin previo aviso, las presentes condiciones de uso, pol\u00edticas de privacidad, y todos los contenidos, servicios y programas descritos en este sitio; y los mismos ser\u00e1n vigentes y aplicables desde el momento en que se publique en el PORTAL DE LA UNIVERSIDAD DE LOS LLANOS.<\/p>\n\n\n\n<ul class=\"wp-block-list\">\n<li><strong>Notificaciones<\/strong><\/li>\n<\/ul>\n\n\n\n<p>Para realizar cualquier sugerencia, observaci\u00f3n o inquietud, referente a los t\u00e9rminos antes se\u00f1alados, puede escribir al correo electr\u00f3nico&nbsp;<a href=\"mailto:quejasyreclamos@unillanos.edu\">quejasyreclamos@unillanos.edu.co<\/a><\/p>\n\n\n\n<h4 class=\"wp-block-heading\"><strong><a href=\"https:\/\/drive.google.com\/file\/d\/0BwmLeW3ZlZXtR0QxeWRNanVNOG1GOER6SkRsaUFtM0NuYmVZ\/view?resourcekey=0-KI2mtnlNcRK7boQVeZiJYQ\" target=\"_blank\" rel=\"noreferrer noopener\">POL\u00cdTICA DE PRIVACIDAD Y TRATAMIENTO DE DATOS PERSONALES.<\/a><\/strong><\/h4>\n\n\n\n<p>En cumplimiento de lo establecido en el art\u00edculo 15 de la Constituci\u00f3n Pol\u00edtica de Colombia y la Ley 1581 de 2012, la Universidad de los Llanos adopta la&nbsp;<strong>POL\u00cdTICA DE TRATAMIENTO Y PROTECCI\u00d3N DE DATOS PERSONALES<\/strong>, con el objeto de preservar la confidencialidad, seguridad, veracidad, transparencia, acceso y circulaci\u00f3n restringida de la informaci\u00f3n que reposa en sus bases de datos y obtenida a trav\u00e9s del PORTAL DE LA UNIVERSIDAD DE LOS LLANOS.<br>Se entiende por datos personales aquella informaci\u00f3n que identifica al usuario, la cual incluye datos como nombre, ocupaci\u00f3n, email, tel\u00e9fono, ciudad y pa\u00eds. El usuario reconoce que el ingreso de informaci\u00f3n personal para el registro en el PORTAL DE LA UNIVERSIDAD DE LOS LLANOS, lo realiza de manera libre y voluntaria ante la solicitud de requerimientos espec\u00edficos por parte de la Universidad para la prestaci\u00f3n de sus servicios; y que dichos datos los puede modificar o actualizar en cualquier momento de acuerdo a los lineamientos establecidos por la Universidad.<br>La informaci\u00f3n proporcionada por el usuario al registrarse en el PORTAL DE LA UNIVERSIDAD DE LOS LLANOS, est\u00e1 resguardada tecnol\u00f3gicamente y s\u00f3lo podr\u00e1 acceder a ella, el mismo usuario a trav\u00e9s una contrase\u00f1a asignada.<br>Si bien el PORTAL DE LA UNIVERSIDAD DE LOS LLANOS posee un sistema de protecci\u00f3n tecnol\u00f3gico que va desde sus servidores hasta la salida a Internet, ninguna transmisi\u00f3n por Internet puede garantizar su seguridad al 100%.<\/p>\n\n\n\n<div data-wp-interactive=\"core\/file\" class=\"wp-block-file\"><object data-wp-bind--hidden=\"!state.hasPdfPreview\" hidden class=\"wp-block-file__embed\" data=\"https:\/\/proyeccionsocial.unillanos.edu.co\/wp-content\/uploads\/2025\/03\/RESOLUCION-1977-DE-2014.pdf\" type=\"application\/pdf\" style=\"width:100%;height:600px\" aria-label=\"Incrustado de RESOLUCI\u00d3N 1977 DE 2014.\"><\/object><a id=\"wp-block-file--media-109895fe-60a0-4aed-873b-b18449012af4\" href=\"https:\/\/proyeccionsocial.unillanos.edu.co\/wp-content\/uploads\/2025\/03\/RESOLUCION-1977-DE-2014.pdf\">RESOLUCI\u00d3N 1977 DE 2014<\/a><a href=\"https:\/\/proyeccionsocial.unillanos.edu.co\/wp-content\/uploads\/2025\/03\/RESOLUCION-1977-DE-2014.pdf\" class=\"wp-block-file__button wp-element-button\" download aria-describedby=\"wp-block-file--media-109895fe-60a0-4aed-873b-b18449012af4\">Descargar<\/a><\/div>\n\n\n\n<p><\/p>\n","protected":false},"excerpt":{"rendered":"<p>T\u00e9rminos y Condiciones de Uso Por medio del sitio web&nbsp;www.unillanos.edu.co&nbsp;se provee de manera libre y gratuita al p\u00fablico en general, informaci\u00f3n acerca de la naturaleza de la Universidad de los Llanos, as\u00ed como de los servicios que ofrece. La utilizaci\u00f3n del sitio web por parte de cualquier persona, le atribuye la calidad de Usuario, lo que implica su adhesi\u00f3n plena e incondicional a los t\u00e9rminos y condiciones de uso aqu\u00ed establecidos. Es responsabilidad de los usuarios que visitan este sitio web, en adelante \u201cPORTAL DE LA UNIVERSIDAD DE LOS LLANOS\u201d que lean y acepten las condiciones y pol\u00edticas de privacidad aqu\u00ed establecidas antes de consultar y suministrar cualquier tipo de informaci\u00f3n; en caso de no estar de acuerdo, le sugerimos que se abstenga de acceder o navegar por el sitio web. Para todos los efectos legales y por el simple hecho de acceder a el PORTAL DE LA UNIVERSIDAD DE LOS LLANOS, y hacer uso de sus contenidos y\/o servicios, el usuario reconoce que ha le\u00eddo y aceptado de manera plena y sin reserva, todos y cada uno de los presentes T\u00e9rminos y Condiciones. El PORTAL DE LA UNIVERSIDAD DE LOS LLANOS no ceder\u00e1 ni revelar\u00e1 a terceros la informaci\u00f3n confidencial de los usuarios, excepto que tenga expresa autorizaci\u00f3n de quienes se suscribieron, o cuando ha sido requerido por orden judicial o legal.El usuario deber\u00e1 aceptar que los datos por \u00e9l consignados en el PORTAL DE LA UNIVERSIDAD DE LOS LLANOS har\u00e1n parte de un archivo y\/o base de datos que podr\u00e1 ser usado por la Universidad para efectos de surtir un determinado proceso o servicio.El usuario podr\u00e1 modificar o actualizar la informaci\u00f3n suministrada en el PORTAL DE LA UNIVERSIDAD DE LOS LLANOS en cualquier momento siguiendo los lineamientos establecidos por la Universidad para tal fin.El usuario asume el compromiso de suministrar informaci\u00f3n real, completa, actual, y precisa, acerca de sus datos, seg\u00fan se solicite en el sitio web. Adem\u00e1s, acepta colaborar con La Universidad, para mantener dicha informaci\u00f3n actualizada y completa, en caso de ser necesario.El usuario es responsable del uso y confidencialidad del usuario y contrase\u00f1a que le sean asignados para hacer uso de los servicios en l\u00ednea ofrecidos en el PORTAL DE LA UNIVERSIDAD DE LOS LLANOS, si alg\u00fan tercero realiza acciones indebidas dentro del portal web, las acciones legales recaer\u00e1n directamente sobre el usuario con el que se hizo el ingreso a la plataforma.El usuario es totalmente responsable de tomar las medidas de seguridad y precauci\u00f3n, en el preciso momento en el que se encuentra proporcionando cualquier clase de informaci\u00f3n en el PORTAL DE LA UNIVERSIDAD DE LOS LLANOS.El usuario del sitio web se har\u00e1 responsable por cualquier uso indebido, il\u00edcito o anormal que haga de los contenidos, informaci\u00f3n o servicios del sitio web de la Universidad de los Llanos.El usuario responder\u00e1 por los da\u00f1os y perjuicios que la Universidad de los Llanos pueda sufrir, directa o indirectamente y como consecuencia del incumplimiento de cualquiera de las obligaciones derivadas de este documento en relaci\u00f3n con la utilizaci\u00f3n del PORTAL DE LA UNIVERSIDAD DE LOS LLANOS. La Universidad de los Llanos se exime de cualquier responsabilidad por los da\u00f1os y perjuicios de toda naturaleza que puedan ocasionarse con las fallas en el acceso a toda o alguna de las p\u00e1ginas propias del PORTAL DE LA UNIVERSIDAD DE LOS LLANOS; y a la falta de disponibilidad de la informaci\u00f3n, o cualquier consecuencia derivada del ingreso indebido de terceros a la base de datos.La Universidad de los Llanos se reserva el derecho de publicar, archivar, eliminar o bloquear informaci\u00f3n o contenidos p\u00fablicos dentro de su portal. Sin embargo, no podr\u00e1 bloquear informaci\u00f3n personal sin previo aviso a los usuarios respectivos.La Universidad de los Llanos no garantiza ni se responsabiliza del funcionamiento o accesibilidad de las p\u00e1ginas web enlazadas en el PORTAL DE LA UNIVERSIDAD DE LOS LLANOS; ni sugiere la visita a las mismas, por lo que tampoco ser\u00e1 responsable del resultado obtenido. La Universidad de los Llanos se reserva el derecho de actualizar y modificar en cualquier momento, de manera unilateral y sin previo aviso, las presentes condiciones de uso, pol\u00edticas de privacidad, y todos los contenidos, servicios y programas descritos en este sitio; y los mismos ser\u00e1n vigentes y aplicables desde el momento en que se publique en el PORTAL DE LA UNIVERSIDAD DE LOS LLANOS. Para realizar cualquier sugerencia, observaci\u00f3n o inquietud, referente a los t\u00e9rminos antes se\u00f1alados, puede escribir al correo electr\u00f3nico&nbsp;quejasyreclamos@unillanos.edu.co POL\u00cdTICA DE PRIVACIDAD Y TRATAMIENTO DE DATOS PERSONALES. En cumplimiento de lo establecido en el art\u00edculo 15 de la Constituci\u00f3n Pol\u00edtica de Colombia y la Ley 1581 de 2012, la Universidad de los Llanos adopta la&nbsp;POL\u00cdTICA DE TRATAMIENTO Y PROTECCI\u00d3N DE DATOS PERSONALES, con el objeto de preservar la confidencialidad, seguridad, veracidad, transparencia, acceso y circulaci\u00f3n restringida de la informaci\u00f3n que reposa en sus bases de datos y obtenida a trav\u00e9s del PORTAL DE LA UNIVERSIDAD DE LOS LLANOS.Se entiende por datos personales aquella informaci\u00f3n que identifica al usuario, la cual incluye datos como nombre, ocupaci\u00f3n, email, tel\u00e9fono, ciudad y pa\u00eds. El usuario reconoce que el ingreso de informaci\u00f3n personal para el registro en el PORTAL DE LA UNIVERSIDAD DE LOS LLANOS, lo realiza de manera libre y voluntaria ante la solicitud de requerimientos espec\u00edficos por parte de la Universidad para la prestaci\u00f3n de sus servicios; y que dichos datos los puede modificar o actualizar en cualquier momento de acuerdo a los lineamientos establecidos por la Universidad.La informaci\u00f3n proporcionada por el usuario al registrarse en el PORTAL DE LA UNIVERSIDAD DE LOS LLANOS, est\u00e1 resguardada tecnol\u00f3gicamente y s\u00f3lo podr\u00e1 acceder a ella, el mismo usuario a trav\u00e9s una contrase\u00f1a asignada.Si bien el PORTAL DE LA UNIVERSIDAD DE LOS LLANOS posee un sistema de protecci\u00f3n tecnol\u00f3gico que va desde sus servidores hasta la salida a Internet, ninguna transmisi\u00f3n por Internet puede garantizar su seguridad al 100%.<\/p>\n","protected":false},"author":1,"featured_media":0,"parent":0,"menu_order":0,"comment_status":"closed","ping_status":"open","template":"","meta":{"_monsterinsights_skip_tracking":false,"_monsterinsights_sitenote_active":false,"_monsterinsights_sitenote_note":"","_monsterinsights_sitenote_category":0,"footnotes":""},"class_list":["post-3","page","type-page","status-publish","hentry"],"blocksy_meta":{"has_hero_section":"disabled","styles_descriptor":{"styles":{"desktop":"","tablet":"","mobile":""},"google_fonts":[],"version":6}},"aioseo_notices":[],"_links":{"self":[{"href":"https:\/\/proyeccionsocial.unillanos.edu.co\/index.php?rest_route=\/wp\/v2\/pages\/3","targetHints":{"allow":["GET"]}}],"collection":[{"href":"https:\/\/proyeccionsocial.unillanos.edu.co\/index.php?rest_route=\/wp\/v2\/pages"}],"about":[{"href":"https:\/\/proyeccionsocial.unillanos.edu.co\/index.php?rest_route=\/wp\/v2\/types\/page"}],"author":[{"embeddable":true,"href":"https:\/\/proyeccionsocial.unillanos.edu.co\/index.php?rest_route=\/wp\/v2\/users\/1"}],"replies":[{"embeddable":true,"href":"https:\/\/proyeccionsocial.unillanos.edu.co\/index.php?rest_route=%2Fwp%2Fv2%2Fcomments&post=3"}],"version-history":[{"count":4,"href":"https:\/\/proyeccionsocial.unillanos.edu.co\/index.php?rest_route=\/wp\/v2\/pages\/3\/revisions"}],"predecessor-version":[{"id":667,"href":"https:\/\/proyeccionsocial.unillanos.edu.co\/index.php?rest_route=\/wp\/v2\/pages\/3\/revisions\/667"}],"wp:attachment":[{"href":"https:\/\/proyeccionsocial.unillanos.edu.co\/index.php?rest_route=%2Fwp%2Fv2%2Fmedia&parent=3"}],"curies":[{"name":"wp","href":"https:\/\/api.w.org\/{rel}","templated":true}]}}