{"id":25,"date":"2025-02-10T15:01:31","date_gmt":"2025-02-10T20:01:31","guid":{"rendered":"http:\/\/localhost\/proyeccion2025\/?page_id=25"},"modified":"2025-03-13T15:44:35","modified_gmt":"2025-03-13T20:44:35","slug":"mision","status":"publish","type":"page","link":"https:\/\/proyeccionsocial.unillanos.edu.co\/?page_id=25","title":{"rendered":"Quienes somos?"},"content":{"rendered":"\n<figure class=\"wp-block-image size-full\"><img fetchpriority=\"high\" decoding=\"async\" width=\"1920\" height=\"150\" src=\"https:\/\/proyeccionsocial.unillanos.edu.co\/wp-content\/uploads\/2025\/03\/Banner-varios_3.png\" alt=\"\" class=\"wp-image-551\"\/><\/figure>\n\n\n\n<div class=\"wp-block-stackable-heading stk-block-heading stk-block-heading--v2 stk-block stk-08121f4\" id=\"mision\" data-block-id=\"08121f4\"><h2 class=\"stk-block-heading__text has-text-align-center\">Misi\u00f3n<\/h2><\/div>\n\n\n\n<div class=\"wp-block-stackable-text stk-block-text stk-block stk-5266623\" data-block-id=\"5266623\"><style>.stk-5266623 .stk-block-text__text{font-size:24px !important;}@media screen and (max-width:999px){.stk-5266623 .stk-block-text__text{font-size:24px !important;}}<\/style><p class=\"stk-block-text__text\">La Universidad de los Llanos forma integralmente ciudadanos, profesionales y cient\u00edficos con sensibilidad y aprecio por el patrimonio hist\u00f3rico, social, cultural y ecol\u00f3gico de la Humanidad, competentes y comprometidos en la soluci\u00f3n de problemas de la Orinoquia y el pa\u00eds con visi\u00f3n universal, conservando su naturaleza como centro de generaci\u00f3n, preservaci\u00f3n, transmisi\u00f3n y difusi\u00f3n del conocimiento y la cultura<\/p><\/div>\n\n\n\n<div class=\"wp-block-stackable-divider stk-block-divider stk-block stk-202715b\" data-block-id=\"202715b\"><hr class=\"stk-block-divider__hr\"\/><\/div>\n\n\n\n<h1 class=\"wp-block-heading has-text-align-center\">Visi\u00f3n<\/h1>\n\n\n\n<div class=\"wp-block-stackable-text stk-block-text stk-block stk-7345d4f\" data-block-id=\"7345d4f\"><style>.stk-7345d4f .stk-block-text__text{font-size:24px !important;}@media screen and (max-width:999px){.stk-7345d4f .stk-block-text__text{font-size:24px !important;}}<\/style><p class=\"stk-block-text__text\">La Universidad de los Llanos propende ser la mejor opci\u00f3n de Educaci\u00f3n Superior de su \u00e1rea de influencia, dentro de un esp\u00edritu de pensamiento reflexivo, acci\u00f3n aut\u00f3noma, creatividad e innovaci\u00f3n. Al ser consciente de su relaci\u00f3n con la regi\u00f3n y la Naci\u00f3n es el punto de referencia en el dominio del campo del conocimiento y de las competencias profesionales en busca de la excelencia acad\u00e9mica.<br><br>Como instituci\u00f3n de saber y organizaci\u00f3n social, mantiene estrechos v\u00ednculos con su entorno natural a fin de satisfacer y participar en la b\u00fasqueda de soluciones a las problem\u00e1ticas regionales y nacionales. Para ello se apoya en la tradici\u00f3n acad\u00e9mica y, al contar con un acervo de talento humano de probadas capacidades y calidades, interpreta, adec\u00faa y se apropia de los avances de la ciencia y la tecnolog\u00eda para cualificarse, a trav\u00e9s de la docencia, la investigaci\u00f3n y la proyecci\u00f3n social.<\/p><\/div>\n\n\n\n<p><\/p>\n\n\n\n<p><\/p>\n\n\n\n<div class=\"wp-block-stackable-divider stk-block-divider stk-block stk-e43622f\" data-block-id=\"e43622f\"><hr class=\"stk-block-divider__hr\"\/><\/div>\n\n\n\n<h1 class=\"wp-block-heading has-text-align-center\">Principios<\/h1>\n\n\n\n<div class=\"wp-block-stackable-text stk-block-text stk-block stk-bb7da57\" data-block-id=\"bb7da57\"><style>.stk-bb7da57 .stk-block-text__text{font-size:24px !important;}@media screen and (max-width:999px){.stk-bb7da57 .stk-block-text__text{font-size:24px !important;}}<\/style><p class=\"stk-block-text__text\">Los principios que rigen la Proyecci\u00f3n Social en la Universidad son:<br><\/p><\/div>\n\n\n\n<div class=\"wp-block-stackable-text stk-block-text stk-block stk-a86f7e4\" data-block-id=\"a86f7e4\"><style>.stk-a86f7e4 .stk-block-text__text{font-size:24px !important;}@media screen and (max-width:999px){.stk-a86f7e4 .stk-block-text__text{font-size:24px !important;}}<\/style><p class=\"stk-block-text__text\"><strong>Interacci\u00f3n e Integraci\u00f3n social:<\/strong>&nbsp;Es el v\u00ednculo de la universidad con los diferentes actores sociales que permite la aprehensi\u00f3n y comprensi\u00f3n de las problem\u00e1ticas de la sociedad a partir de la integraci\u00f3n del conocimiento.<\/p><\/div>\n\n\n\n<div class=\"wp-block-stackable-text stk-block-text stk-block stk-3b2af2d\" data-block-id=\"3b2af2d\"><style>.stk-3b2af2d .stk-block-text__text{font-size:24px !important;}@media screen and (max-width:999px){.stk-3b2af2d .stk-block-text__text{font-size:24px !important;}}<\/style><p class=\"stk-block-text__text\"><strong>Comunicaci\u00f3n:<\/strong>&nbsp;La Universidad mantendr\u00e1 la comunicaci\u00f3n de la instituci\u00f3n con el medio externo.<\/p><\/div>\n\n\n\n<div class=\"wp-block-stackable-text stk-block-text stk-block stk-c62e862\" data-block-id=\"c62e862\"><style>.stk-c62e862 .stk-block-text__text{font-size:24px !important;}@media screen and (max-width:999px){.stk-c62e862 .stk-block-text__text{font-size:24px !important;}}<\/style><p class=\"stk-block-text__text\"><strong>Cooperaci\u00f3n:<\/strong>La Universidad cooperar\u00e1 con otras entidades, grupos, asociaciones o comunidades en la realizaci\u00f3n de programas y proyectos que puedan producir un avance en el conocimiento y una transformaci\u00f3n de tipo econ\u00f3mico, cultural o social.<\/p><\/div>\n\n\n\n<div class=\"wp-block-stackable-text stk-block-text stk-block stk-451f099\" data-block-id=\"451f099\"><style>.stk-451f099 .stk-block-text__text{font-size:24px !important;}@media screen and (max-width:999px){.stk-451f099 .stk-block-text__text{font-size:24px !important;}}<\/style><p class=\"stk-block-text__text\"><strong>Solidaridad:&nbsp;<\/strong>La Universidad deber\u00e1 concretar su compromiso con la sociedad mediante el dise\u00f1o y puesta en marcha de programas, proyectos y actividades de Proyecci\u00f3n Social, que atiendan las necesidades de los sectores m\u00e1s vulnerables de la poblaci\u00f3n.<\/p><\/div>\n\n\n\n<div class=\"wp-block-stackable-text stk-block-text stk-block stk-29dc5ed\" data-block-id=\"29dc5ed\"><style>.stk-29dc5ed .stk-block-text__text{font-size:24px !important;}@media screen and (max-width:999px){.stk-29dc5ed .stk-block-text__text{font-size:24px !important;}}<\/style><p class=\"stk-block-text__text\"><strong>Formaci\u00f3n:&nbsp;<\/strong>La Universidad extender\u00e1 a la comunidad en general los procesos de formaci\u00f3n que se generan en la investigaci\u00f3n y en la docencia.<\/p><\/div>\n\n\n\n<div class=\"wp-block-stackable-text stk-block-text stk-block stk-3d2a193\" data-block-id=\"3d2a193\"><style>.stk-3d2a193 .stk-block-text__text{font-size:24px !important;}@media screen and (max-width:999px){.stk-3d2a193 .stk-block-text__text{font-size:24px !important;}}<\/style><p class=\"stk-block-text__text\"><strong>Servicio:&nbsp;<\/strong>La Universidad prestar\u00e1 servicios t\u00e9cnicos, sociales, acad\u00e9micos y culturales a las comunidades y a los estamentos que lo requieran.<\/p><\/div>\n\n\n\n<div class=\"wp-block-stackable-text stk-block-text stk-block stk-68fa1b3\" data-block-id=\"68fa1b3\"><style>.stk-68fa1b3 .stk-block-text__text{font-size:24px !important;}@media screen and (max-width:999px){.stk-68fa1b3 .stk-block-text__text{font-size:24px !important;}}<\/style><p class=\"stk-block-text__text\"><strong>Producci\u00f3n de conocimiento:&nbsp;<\/strong>La Universidad estimular\u00e1 la generaci\u00f3n de conocimiento mediante el intercambio de informaci\u00f3n entre los diferentes estamentos que la conforman y de estos con las distintas instancias y organizaciones de la sociedad en general.<\/p><\/div>\n\n\n\n<div class=\"wp-block-stackable-text stk-block-text stk-block stk-a751c81\" data-block-id=\"a751c81\"><style>.stk-a751c81 .stk-block-text__text{font-size:24px !important;}@media screen and (max-width:999px){.stk-a751c81 .stk-block-text__text{font-size:24px !important;}}<\/style><p class=\"stk-block-text__text\"><strong>Retroalimentaci\u00f3n constante con el medio:&nbsp;<\/strong>La Universidad estar\u00e1 en constante retroalimentaci\u00f3n de sus actividades, frente a los cambios cient\u00edficos, tecnol\u00f3gicos, sociales y comportamientos de la comunidad regional y nacional.<\/p><\/div>\n\n\n\n<div class=\"wp-block-stackable-text stk-block-text stk-block stk-5db4e8a\" data-block-id=\"5db4e8a\"><style>.stk-5db4e8a .stk-block-text__text{font-size:24px !important;}@media screen and (max-width:999px){.stk-5db4e8a .stk-block-text__text{font-size:24px !important;}}<\/style><p class=\"stk-block-text__text\"><strong>Contexto \u00e9tico de Regulaci\u00f3n:&nbsp;<\/strong>La Universidad es responsable como instituci\u00f3n frente a la comunidad de sus actividades y comportamientos.<\/p><\/div>\n\n\n\n<div class=\"wp-block-stackable-text stk-block-text stk-block stk-dfd036b\" data-block-id=\"dfd036b\"><style>.stk-dfd036b .stk-block-text__text{font-size:24px !important;}@media screen and (max-width:999px){.stk-dfd036b .stk-block-text__text{font-size:24px !important;}}<\/style><p class=\"stk-block-text__text\"><strong>Gesti\u00f3n Prospectiva y Estrat\u00e9gica:&nbsp;<\/strong>Los procesos de Proyecci\u00f3n Social se desarrollaran con orientaciones prospectivas y estrat\u00e9gicas en funci\u00f3n del desarrollo social e institucional.<\/p><\/div>\n\n\n\n<div class=\"wp-block-stackable-divider stk-block-divider stk-block stk-f3b4c0f\" data-block-id=\"f3b4c0f\"><hr class=\"stk-block-divider__hr\"\/><\/div>\n\n\n\n<h1 class=\"wp-block-heading has-text-align-center\">Objetivos<\/h1>\n\n\n\n<div class=\"wp-block-stackable-text stk-block-text stk-block stk-717176a\" data-block-id=\"717176a\"><style>.stk-717176a .stk-block-text__text{font-size:24px !important;}@media screen and (max-width:999px){.stk-717176a .stk-block-text__text{font-size:24px !important;}}<\/style><p class=\"stk-block-text__text\">Asumir el estudio permanente de los problemas del entorno, as\u00ed como la elaboraci\u00f3n de proyectos que conlleven a su soluci\u00f3n.<\/p><\/div>\n\n\n\n<div class=\"wp-block-stackable-text stk-block-text stk-block stk-b71de30\" data-block-id=\"b71de30\"><style>.stk-b71de30 .stk-block-text__text{font-size:24px !important;}@media screen and (max-width:999px){.stk-b71de30 .stk-block-text__text{font-size:24px !important;}}<\/style><p class=\"stk-block-text__text\">Generar un ambiente que permita mejorar la capacidad end\u00f3gena de innovaci\u00f3n y transferencia de conocimiento de los productos de docencia e investigaci\u00f3n.<\/p><\/div>\n\n\n\n<div class=\"wp-block-stackable-text stk-block-text stk-block stk-2ea96a9\" data-block-id=\"2ea96a9\"><style>.stk-2ea96a9 .stk-block-text__text{font-size:24px !important;}@media screen and (max-width:999px){.stk-2ea96a9 .stk-block-text__text{font-size:24px !important;}}<\/style><p class=\"stk-block-text__text\">Elevar significativamente la gesti\u00f3n institucional en el contexto regional y nacional, estableciendo relaciones de intercambio y cooperaci\u00f3n con los actores o l\u00edderes de la poblaci\u00f3n.<\/p><\/div>\n\n\n\n<div class=\"wp-block-stackable-text stk-block-text stk-block stk-4779007\" data-block-id=\"4779007\"><style>.stk-4779007 .stk-block-text__text{font-size:24px !important;}@media screen and (max-width:999px){.stk-4779007 .stk-block-text__text{font-size:24px !important;}}<\/style><p class=\"stk-block-text__text\">Asumir el quehacer formativo e investigativo regional, en funci\u00f3n de su pertinencia y relevancia en el contexto regional.<\/p><\/div>\n\n\n\n<div class=\"wp-block-stackable-text stk-block-text stk-block stk-7b6392d\" data-block-id=\"7b6392d\"><style>.stk-7b6392d .stk-block-text__text{font-size:24px !important;}@media screen and (max-width:999px){.stk-7b6392d .stk-block-text__text{font-size:24px !important;}}<\/style><p class=\"stk-block-text__text\">Promover la difusi\u00f3n, la recuperaci\u00f3n y el sentido de la identidad cultural, mediante la organizaci\u00f3n de actividades y eventos pertinentes.<\/p><\/div>\n\n\n\n<div class=\"wp-block-stackable-divider stk-block-divider stk-block stk-9acd451\" data-block-id=\"9acd451\"><hr class=\"stk-block-divider__hr\"\/><\/div>\n\n\n\n<h1 class=\"wp-block-heading has-text-align-center\">Pol\u00edticas<\/h1>\n\n\n\n<div class=\"wp-block-stackable-text stk-block-text stk-block stk-9340307\" data-block-id=\"9340307\"><style>.stk-9340307 .stk-block-text__text{font-size:24px !important;}@media screen and (max-width:999px){.stk-9340307 .stk-block-text__text{font-size:24px !important;}}<\/style><p class=\"stk-block-text__text\">Concebir la Proyecci\u00f3n Social como pr\u00e1ctica permanente de articulaci\u00f3n de la formaci\u00f3n y la investigaci\u00f3n.<\/p><\/div>\n\n\n\n<div class=\"wp-block-stackable-text stk-block-text stk-block stk-86b3493\" data-block-id=\"86b3493\"><style>.stk-86b3493 .stk-block-text__text{font-size:24px !important;}@media screen and (max-width:999px){.stk-86b3493 .stk-block-text__text{font-size:24px !important;}}<\/style><p class=\"stk-block-text__text\">Favorecer la interacci\u00f3n permanente de la Universidad con los diferentes actores sociales del \u00e1mbito regional y nacional.<\/p><\/div>\n\n\n\n<div class=\"wp-block-stackable-text stk-block-text stk-block stk-d18e89a\" data-block-id=\"d18e89a\"><style>.stk-d18e89a .stk-block-text__text{font-size:24px !important;}@media screen and (max-width:999px){.stk-d18e89a .stk-block-text__text{font-size:24px !important;}}<\/style><p class=\"stk-block-text__text\">Fomentar y contribuir al desarrollo de las diferentes expresiones y manifestaciones de la cultura.<\/p><\/div>\n\n\n\n<div class=\"wp-block-stackable-text stk-block-text stk-block stk-3f63740\" data-block-id=\"3f63740\"><style>.stk-3f63740 .stk-block-text__text{font-size:24px !important;}@media screen and (max-width:999px){.stk-3f63740 .stk-block-text__text{font-size:24px !important;}}<\/style><p class=\"stk-block-text__text\">Garantizar los espacios y los est\u00edmulos econ\u00f3micos para el ejercicio de la Proyecci\u00f3n Social.<\/p><\/div>\n\n\n\n<div class=\"wp-block-stackable-text stk-block-text stk-block stk-603e2a9\" data-block-id=\"603e2a9\"><style>.stk-603e2a9 .stk-block-text__text{font-size:24px !important;}@media screen and (max-width:999px){.stk-603e2a9 .stk-block-text__text{font-size:24px !important;}}<\/style><p class=\"stk-block-text__text\">Propender por el mejoramiento de la calidad de vida de las comunidades promoviendo principios de sostenibilidad, en los proyectos de desarrollo comunitario que se implementen.<\/p><\/div>\n\n\n\n<div class=\"wp-block-stackable-text stk-block-text stk-block stk-80c7916\" data-block-id=\"80c7916\"><style>.stk-80c7916 .stk-block-text__text{font-size:24px !important;}@media screen and (max-width:999px){.stk-80c7916 .stk-block-text__text{font-size:24px !important;}}<\/style><p class=\"stk-block-text__text\">Propiciar y fortalecer las relaciones de las distintas dependencias universitarias con el sector productivo, sector oficial, sus egresados y la comunidad en general.<\/p><\/div>\n\n\n\n<div class=\"wp-block-stackable-text stk-block-text stk-block stk-56a17be\" data-block-id=\"56a17be\"><style>.stk-56a17be .stk-block-text__text{font-size:24px !important;}@media screen and (max-width:999px){.stk-56a17be .stk-block-text__text{font-size:24px !important;}}<\/style><p class=\"stk-block-text__text\">Garantizar que sus actividades se enmarquen en los principios que orientan las dem\u00e1s acciones universitarias dentro de los criterios de calidad y de excelencia acad\u00e9mica.<\/p><\/div>\n\n\n\n<div class=\"wp-block-stackable-divider stk-block-divider stk-block stk-a3d0329\" data-block-id=\"a3d0329\"><hr class=\"stk-block-divider__hr\"\/><\/div>\n\n\n\n<p><\/p>\n","protected":false},"excerpt":{"rendered":"<p>Misi\u00f3n La Universidad de los Llanos forma integralmente ciudadanos, profesionales y cient\u00edficos con sensibilidad y aprecio por el patrimonio hist\u00f3rico, social, cultural y ecol\u00f3gico de la Humanidad, competentes y comprometidos en la soluci\u00f3n de problemas de la Orinoquia y el pa\u00eds con visi\u00f3n universal, conservando su naturaleza como centro de generaci\u00f3n, preservaci\u00f3n, transmisi\u00f3n y difusi\u00f3n del conocimiento y la cultura Visi\u00f3n La Universidad de los Llanos propende ser la mejor opci\u00f3n de Educaci\u00f3n Superior de su \u00e1rea de influencia, dentro de un esp\u00edritu de pensamiento reflexivo, acci\u00f3n aut\u00f3noma, creatividad e innovaci\u00f3n. Al ser consciente de su relaci\u00f3n con la regi\u00f3n y la Naci\u00f3n es el punto de referencia en el dominio del campo del conocimiento y de las competencias profesionales en busca de la excelencia acad\u00e9mica. Como instituci\u00f3n de saber y organizaci\u00f3n social, mantiene estrechos v\u00ednculos con su entorno natural a fin de satisfacer y participar en la b\u00fasqueda de soluciones a las problem\u00e1ticas regionales y nacionales. Para ello se apoya en la tradici\u00f3n acad\u00e9mica y, al contar con un acervo de talento humano de probadas capacidades y calidades, interpreta, adec\u00faa y se apropia de los avances de la ciencia y la tecnolog\u00eda para cualificarse, a trav\u00e9s de la docencia, la investigaci\u00f3n y la proyecci\u00f3n social. Principios Los principios que rigen la Proyecci\u00f3n Social en la Universidad son: Interacci\u00f3n e Integraci\u00f3n social:&nbsp;Es el v\u00ednculo de la universidad con los diferentes actores sociales que permite la aprehensi\u00f3n y comprensi\u00f3n de las problem\u00e1ticas de la sociedad a partir de la integraci\u00f3n del conocimiento. Comunicaci\u00f3n:&nbsp;La Universidad mantendr\u00e1 la comunicaci\u00f3n de la instituci\u00f3n con el medio externo. Cooperaci\u00f3n:La Universidad cooperar\u00e1 con otras entidades, grupos, asociaciones o comunidades en la realizaci\u00f3n de programas y proyectos que puedan producir un avance en el conocimiento y una transformaci\u00f3n de tipo econ\u00f3mico, cultural o social. Solidaridad:&nbsp;La Universidad deber\u00e1 concretar su compromiso con la sociedad mediante el dise\u00f1o y puesta en marcha de programas, proyectos y actividades de Proyecci\u00f3n Social, que atiendan las necesidades de los sectores m\u00e1s vulnerables de la poblaci\u00f3n. Formaci\u00f3n:&nbsp;La Universidad extender\u00e1 a la comunidad en general los procesos de formaci\u00f3n que se generan en la investigaci\u00f3n y en la docencia. Servicio:&nbsp;La Universidad prestar\u00e1 servicios t\u00e9cnicos, sociales, acad\u00e9micos y culturales a las comunidades y a los estamentos que lo requieran. Producci\u00f3n de conocimiento:&nbsp;La Universidad estimular\u00e1 la generaci\u00f3n de conocimiento mediante el intercambio de informaci\u00f3n entre los diferentes estamentos que la conforman y de estos con las distintas instancias y organizaciones de la sociedad en general. Retroalimentaci\u00f3n constante con el medio:&nbsp;La Universidad estar\u00e1 en constante retroalimentaci\u00f3n de sus actividades, frente a los cambios cient\u00edficos, tecnol\u00f3gicos, sociales y comportamientos de la comunidad regional y nacional. Contexto \u00e9tico de Regulaci\u00f3n:&nbsp;La Universidad es responsable como instituci\u00f3n frente a la comunidad de sus actividades y comportamientos. Gesti\u00f3n Prospectiva y Estrat\u00e9gica:&nbsp;Los procesos de Proyecci\u00f3n Social se desarrollaran con orientaciones prospectivas y estrat\u00e9gicas en funci\u00f3n del desarrollo social e institucional. Objetivos Asumir el estudio permanente de los problemas del entorno, as\u00ed como la elaboraci\u00f3n de proyectos que conlleven a su soluci\u00f3n. Generar un ambiente que permita mejorar la capacidad end\u00f3gena de innovaci\u00f3n y transferencia de conocimiento de los productos de docencia e investigaci\u00f3n. Elevar significativamente la gesti\u00f3n institucional en el contexto regional y nacional, estableciendo relaciones de intercambio y cooperaci\u00f3n con los actores o l\u00edderes de la poblaci\u00f3n. Asumir el quehacer formativo e investigativo regional, en funci\u00f3n de su pertinencia y relevancia en el contexto regional. Promover la difusi\u00f3n, la recuperaci\u00f3n y el sentido de la identidad cultural, mediante la organizaci\u00f3n de actividades y eventos pertinentes. Pol\u00edticas Concebir la Proyecci\u00f3n Social como pr\u00e1ctica permanente de articulaci\u00f3n de la formaci\u00f3n y la investigaci\u00f3n. Favorecer la interacci\u00f3n permanente de la Universidad con los diferentes actores sociales del \u00e1mbito regional y nacional. Fomentar y contribuir al desarrollo de las diferentes expresiones y manifestaciones de la cultura. Garantizar los espacios y los est\u00edmulos econ\u00f3micos para el ejercicio de la Proyecci\u00f3n Social. Propender por el mejoramiento de la calidad de vida de las comunidades promoviendo principios de sostenibilidad, en los proyectos de desarrollo comunitario que se implementen. Propiciar y fortalecer las relaciones de las distintas dependencias universitarias con el sector productivo, sector oficial, sus egresados y la comunidad en general. Garantizar que sus actividades se enmarquen en los principios que orientan las dem\u00e1s acciones universitarias dentro de los criterios de calidad y de excelencia acad\u00e9mica.<\/p>\n","protected":false},"author":1,"featured_media":0,"parent":0,"menu_order":0,"comment_status":"closed","ping_status":"closed","template":"","meta":{"_monsterinsights_skip_tracking":false,"_monsterinsights_sitenote_active":false,"_monsterinsights_sitenote_note":"","_monsterinsights_sitenote_category":0,"footnotes":""},"class_list":["post-25","page","type-page","status-publish","hentry"],"blocksy_meta":{"has_hero_section":"disabled","styles_descriptor":{"styles":{"desktop":"","tablet":"","mobile":""},"google_fonts":[],"version":6}},"aioseo_notices":[],"_links":{"self":[{"href":"https:\/\/proyeccionsocial.unillanos.edu.co\/index.php?rest_route=\/wp\/v2\/pages\/25","targetHints":{"allow":["GET"]}}],"collection":[{"href":"https:\/\/proyeccionsocial.unillanos.edu.co\/index.php?rest_route=\/wp\/v2\/pages"}],"about":[{"href":"https:\/\/proyeccionsocial.unillanos.edu.co\/index.php?rest_route=\/wp\/v2\/types\/page"}],"author":[{"embeddable":true,"href":"https:\/\/proyeccionsocial.unillanos.edu.co\/index.php?rest_route=\/wp\/v2\/users\/1"}],"replies":[{"embeddable":true,"href":"https:\/\/proyeccionsocial.unillanos.edu.co\/index.php?rest_route=%2Fwp%2Fv2%2Fcomments&post=25"}],"version-history":[{"count":8,"href":"https:\/\/proyeccionsocial.unillanos.edu.co\/index.php?rest_route=\/wp\/v2\/pages\/25\/revisions"}],"predecessor-version":[{"id":680,"href":"https:\/\/proyeccionsocial.unillanos.edu.co\/index.php?rest_route=\/wp\/v2\/pages\/25\/revisions\/680"}],"wp:attachment":[{"href":"https:\/\/proyeccionsocial.unillanos.edu.co\/index.php?rest_route=%2Fwp%2Fv2%2Fmedia&parent=25"}],"curies":[{"name":"wp","href":"https:\/\/api.w.org\/{rel}","templated":true}]}}