{"id":1465,"date":"2025-12-23T09:32:13","date_gmt":"2025-12-23T14:32:13","guid":{"rendered":"https:\/\/proyeccionsocial.unillanos.edu.co\/?page_id=1465"},"modified":"2026-03-17T11:03:10","modified_gmt":"2026-03-17T16:03:10","slug":"convocatoria-unillanos-ecopetrol","status":"publish","type":"page","link":"https:\/\/proyeccionsocial.unillanos.edu.co\/?page_id=1465","title":{"rendered":"Diplomado en Trasici\u00f3n energ\u00e9tica"},"content":{"rendered":"\n<div class=\"wp-block-stackable-image stk-block-image stk-block stk-e83e79d\" data-block-id=\"e83e79d\"><style>.stk-e83e79d .stk-img-wrapper{width:372px !important;}<\/style><figure><span class=\"stk-img-wrapper stk-image--shape-stretch\"><img decoding=\"async\" class=\"stk-img wp-image-1468\" src=\"https:\/\/proyeccionsocial.unillanos.edu.co\/wp-content\/uploads\/2025\/12\/Imagen1.png\" width=\"372\" height=\"100\" srcset=\"https:\/\/proyeccionsocial.unillanos.edu.co\/wp-content\/uploads\/2025\/12\/Imagen1.png 372w, https:\/\/proyeccionsocial.unillanos.edu.co\/wp-content\/uploads\/2025\/12\/Imagen1-300x81.png 300w\" sizes=\"(max-width: 372px) 100vw, 372px\" \/><\/span><\/figure><\/div>\n\n\n\n<div data-wp-interactive=\"core\/file\" class=\"wp-block-file\"><object data-wp-bind--hidden=\"!state.hasPdfPreview\" hidden class=\"wp-block-file__embed\" data=\"https:\/\/proyeccionsocial.unillanos.edu.co\/wp-content\/uploads\/2025\/12\/Terminos-de-referencia-VDS-\u2013-4183-2025.pdf\" type=\"application\/pdf\" style=\"width:100%;height:600px\" aria-label=\"Incrustado de T\u00e9rminos de referencia VDS \u2013 4183  2025.\"><\/object><a id=\"wp-block-file--media-7ef98b53-4056-4e71-9401-4708f14859f8\" href=\"https:\/\/proyeccionsocial.unillanos.edu.co\/wp-content\/uploads\/2025\/12\/Terminos-de-referencia-VDS-\u2013-4183-2025.pdf\">T\u00e9rminos de referencia VDS \u2013 4183  2025<\/a><a href=\"https:\/\/proyeccionsocial.unillanos.edu.co\/wp-content\/uploads\/2025\/12\/Terminos-de-referencia-VDS-\u2013-4183-2025.pdf\" class=\"wp-block-file__button wp-element-button\" download aria-describedby=\"wp-block-file--media-7ef98b53-4056-4e71-9401-4708f14859f8\">Descargar<\/a><\/div>\n\n\n\n<p class=\"has-large-font-size\"><\/p>\n\n\n\n<p class=\"has-large-font-size\">En esta p\u00e1gina se dar\u00e1 a conocer la informaci\u00f3n correspondiente a los resultados de la convocatoria.<\/p>\n\n\n\n<p class=\"has-medium-font-size\"><strong>Fecha de apertura de la convocatoria: martes 23 de diciembre de 2025.<br>fecha de cierre de la convocatoria: Viernes 30 de enero de 2026.<\/strong><\/p>\n\n\n\n<hr class=\"wp-block-separator has-alpha-channel-opacity\"\/>\n\n\n\n<p class=\"has-x-large-font-size\"><span style=\"color: #ff0000;\" class=\"stk-highlight\">Publicaci\u00f3n de lista de seleccionados \u2013 Diplomado en<br>Transici\u00f3n Energ\u00e9tica &#8220;Energ\u00eda que Transforma Hacia la Sostenibilidad&#8221;<\/span><\/p>\n\n\n\n<div data-wp-interactive=\"core\/file\" class=\"wp-block-file\"><object data-wp-bind--hidden=\"!state.hasPdfPreview\" hidden class=\"wp-block-file__embed\" data=\"https:\/\/proyeccionsocial.unillanos.edu.co\/wp-content\/uploads\/2026\/02\/LISTADOS-habilitados-y-seleccionados-COMPLETOS.pdf\" type=\"application\/pdf\" style=\"width:100%;height:600px\" aria-label=\"Incrustado de LISTADOS habilitados y seleccionados COMPLETOS.\"><\/object><a id=\"wp-block-file--media-36688943-d23c-45c9-a1ed-d108a3e81d10\" href=\"https:\/\/proyeccionsocial.unillanos.edu.co\/wp-content\/uploads\/2026\/02\/LISTADOS-habilitados-y-seleccionados-COMPLETOS.pdf\">LISTADOS habilitados y seleccionados COMPLETOS<\/a><a href=\"https:\/\/proyeccionsocial.unillanos.edu.co\/wp-content\/uploads\/2026\/02\/LISTADOS-habilitados-y-seleccionados-COMPLETOS.pdf\" class=\"wp-block-file__button wp-element-button\" download aria-describedby=\"wp-block-file--media-36688943-d23c-45c9-a1ed-d108a3e81d10\">Download<\/a><\/div>\n","protected":false},"excerpt":{"rendered":"<p>En esta p\u00e1gina se dar\u00e1 a conocer la informaci\u00f3n correspondiente a los resultados de la convocatoria. Fecha de apertura de la convocatoria: martes 23 de diciembre de 2025.fecha de cierre de la convocatoria: Viernes 30 de enero de 2026. Publicaci\u00f3n de lista de seleccionados \u2013 Diplomado enTransici\u00f3n Energ\u00e9tica &#8220;Energ\u00eda que Transforma Hacia la Sostenibilidad&#8221;<\/p>\n","protected":false},"author":1,"featured_media":0,"parent":0,"menu_order":0,"comment_status":"closed","ping_status":"closed","template":"","meta":{"footnotes":""},"class_list":["post-1465","page","type-page","status-publish","hentry"],"blocksy_meta":[],"_links":{"self":[{"href":"https:\/\/proyeccionsocial.unillanos.edu.co\/index.php?rest_route=\/wp\/v2\/pages\/1465","targetHints":{"allow":["GET"]}}],"collection":[{"href":"https:\/\/proyeccionsocial.unillanos.edu.co\/index.php?rest_route=\/wp\/v2\/pages"}],"about":[{"href":"https:\/\/proyeccionsocial.unillanos.edu.co\/index.php?rest_route=\/wp\/v2\/types\/page"}],"author":[{"embeddable":true,"href":"https:\/\/proyeccionsocial.unillanos.edu.co\/index.php?rest_route=\/wp\/v2\/users\/1"}],"replies":[{"embeddable":true,"href":"https:\/\/proyeccionsocial.unillanos.edu.co\/index.php?rest_route=%2Fwp%2Fv2%2Fcomments&post=1465"}],"version-history":[{"count":16,"href":"https:\/\/proyeccionsocial.unillanos.edu.co\/index.php?rest_route=\/wp\/v2\/pages\/1465\/revisions"}],"predecessor-version":[{"id":1570,"href":"https:\/\/proyeccionsocial.unillanos.edu.co\/index.php?rest_route=\/wp\/v2\/pages\/1465\/revisions\/1570"}],"wp:attachment":[{"href":"https:\/\/proyeccionsocial.unillanos.edu.co\/index.php?rest_route=%2Fwp%2Fv2%2Fmedia&parent=1465"}],"curies":[{"name":"wp","href":"https:\/\/api.w.org\/{rel}","templated":true}]}}