{"id":1087,"date":"2025-08-20T10:09:36","date_gmt":"2025-08-20T15:09:36","guid":{"rendered":"https:\/\/proyeccionsocial.unillanos.edu.co\/?page_id=1087"},"modified":"2025-12-03T16:42:57","modified_gmt":"2025-12-03T21:42:57","slug":"revista-por-articulos","status":"publish","type":"page","link":"https:\/\/proyeccionsocial.unillanos.edu.co\/?page_id=1087","title":{"rendered":"Revista por articulos"},"content":{"rendered":"\n<div class=\"wp-block-stackable-posts stk-block-posts stk-block stk-89c330f is-style-default\" data-v=\"2\" data-block-id=\"89c330f\"><style>.stk-89c330f .stk-img-wrapper{width:100% !important;}<\/style><div class=\"stk-inner-blocks stk-content-align stk-89c330f-column\"><div class=\"stk-block-posts__items\"><div class=\"stk-block-posts__item\"><div class=\"stk-container stk-89c330f-container stk--no-background stk--no-padding\"><article><h3 class=\"stk-block-posts__title\"><a href='https:\/\/proyeccionsocial.unillanos.edu.co\/?p=1089'>Ideas y tecnolog\u00eda que transforman la regi\u00f3n #26<\/a><\/h3><a href=\"https:\/\/proyeccionsocial.unillanos.edu.co\/?p=1089\" class=\"stk-block-posts__image-link\"><figure class=\"stk-img-wrapper stk-image--shape-stretch\"><img fetchpriority=\"high\" decoding=\"async\" width=\"1275\" height=\"1650\" src=\"https:\/\/proyeccionsocial.unillanos.edu.co\/wp-content\/uploads\/2025\/08\/PORTADA-REVISTA-CORO-CORA_Mesa-de-trabajo-1-1.png\" class=\"attachment-full size-full wp-post-image\" alt=\"\" srcset=\"https:\/\/proyeccionsocial.unillanos.edu.co\/wp-content\/uploads\/2025\/08\/PORTADA-REVISTA-CORO-CORA_Mesa-de-trabajo-1-1.png 1275w, https:\/\/proyeccionsocial.unillanos.edu.co\/wp-content\/uploads\/2025\/08\/PORTADA-REVISTA-CORO-CORA_Mesa-de-trabajo-1-1-232x300.png 232w, https:\/\/proyeccionsocial.unillanos.edu.co\/wp-content\/uploads\/2025\/08\/PORTADA-REVISTA-CORO-CORA_Mesa-de-trabajo-1-1-791x1024.png 791w, https:\/\/proyeccionsocial.unillanos.edu.co\/wp-content\/uploads\/2025\/08\/PORTADA-REVISTA-CORO-CORA_Mesa-de-trabajo-1-1-768x994.png 768w, https:\/\/proyeccionsocial.unillanos.edu.co\/wp-content\/uploads\/2025\/08\/PORTADA-REVISTA-CORO-CORA_Mesa-de-trabajo-1-1-1187x1536.png 1187w\" sizes=\"(max-width: 1275px) 100vw, 1275px\" \/><\/figure><\/a><aside class=\"stk-block-posts__meta stk-subtitle\"><span>Projection<\/span><span class=\"stk-block-posts__meta-sep\">\u00b7<\/span><time datetime=\"2025-08-25T09:01:07-05:00\">25 agosto, 2025<\/time><span class=\"stk-block-posts__meta-sep\">\u00b7<\/span><span>0 comments<\/span><\/aside><div class=\"stk-block-posts__category stk-subtitle\"><a href=\"https:\/\/proyeccionsocial.unillanos.edu.co\/?cat=28\" rel=\"category\">Revistas<\/a><\/div><div class=\"stk-block-posts__excerpt\"><p>Revista Corocora \u2013 Edici\u00f3n 26 Esta edici\u00f3n re\u00fane tres ejes centrales que muestran la esencia y proyecci\u00f3n de la comunidad Unillanista:\u2022 ADN Unillanista: La innovaci\u00f3n que nace en la sabanaCasos y experiencias que demuestran c\u00f3mo la investigaci\u00f3n y el talento acad\u00e9mico generan soluciones y aportes desde la regi\u00f3n.\u2022 Desde el llano hasta el mundo: Egresados&hellip;<\/p>\n<\/div><a class=\"stk-block-posts__readmore\" href=\"https:\/\/proyeccionsocial.unillanos.edu.co\/?p=1089\">Seguir Leyendo<\/a><\/article><\/div><\/div><\/div><div class=\"stk-inner-blocks\"><\/div><\/div><\/div>\n","protected":false},"excerpt":{"rendered":"<p>Ideas y tecnolog\u00eda que transforman la regi\u00f3n #26 Projection\u00b725 agosto, 2025\u00b70 comments Revistas Revista Corocora \u2013 Edici\u00f3n 26 Esta edici\u00f3n re\u00fane tres ejes centrales que muestran la esencia y proyecci\u00f3n de la comunidad Unillanista:\u2022 ADN Unillanista: La innovaci\u00f3n que nace en la sabanaCasos y experiencias que demuestran c\u00f3mo la investigaci\u00f3n y el talento acad\u00e9mico generan soluciones y aportes desde la regi\u00f3n.\u2022 Desde el llano hasta el mundo: Egresados&hellip; Seguir Leyendo<\/p>\n","protected":false},"author":1,"featured_media":0,"parent":0,"menu_order":0,"comment_status":"closed","ping_status":"closed","template":"","meta":{"_monsterinsights_skip_tracking":false,"_monsterinsights_sitenote_active":false,"_monsterinsights_sitenote_note":"","_monsterinsights_sitenote_category":0,"footnotes":""},"class_list":["post-1087","page","type-page","status-publish","hentry"],"blocksy_meta":{"has_hero_section":"disabled","styles_descriptor":{"styles":{"desktop":"","tablet":"","mobile":""},"google_fonts":[],"version":6}},"aioseo_notices":[],"_links":{"self":[{"href":"https:\/\/proyeccionsocial.unillanos.edu.co\/index.php?rest_route=\/wp\/v2\/pages\/1087","targetHints":{"allow":["GET"]}}],"collection":[{"href":"https:\/\/proyeccionsocial.unillanos.edu.co\/index.php?rest_route=\/wp\/v2\/pages"}],"about":[{"href":"https:\/\/proyeccionsocial.unillanos.edu.co\/index.php?rest_route=\/wp\/v2\/types\/page"}],"author":[{"embeddable":true,"href":"https:\/\/proyeccionsocial.unillanos.edu.co\/index.php?rest_route=\/wp\/v2\/users\/1"}],"replies":[{"embeddable":true,"href":"https:\/\/proyeccionsocial.unillanos.edu.co\/index.php?rest_route=%2Fwp%2Fv2%2Fcomments&post=1087"}],"version-history":[{"count":3,"href":"https:\/\/proyeccionsocial.unillanos.edu.co\/index.php?rest_route=\/wp\/v2\/pages\/1087\/revisions"}],"predecessor-version":[{"id":1123,"href":"https:\/\/proyeccionsocial.unillanos.edu.co\/index.php?rest_route=\/wp\/v2\/pages\/1087\/revisions\/1123"}],"wp:attachment":[{"href":"https:\/\/proyeccionsocial.unillanos.edu.co\/index.php?rest_route=%2Fwp%2Fv2%2Fmedia&parent=1087"}],"curies":[{"name":"wp","href":"https:\/\/api.w.org\/{rel}","templated":true}]}}